{"id":73,"date":"2025-01-24T11:22:10","date_gmt":"2025-01-24T11:22:10","guid":{"rendered":"https:\/\/schmidt-strassenbau.de\/?page_id=73"},"modified":"2025-01-26T00:06:47","modified_gmt":"2025-01-26T00:06:47","slug":"jobs","status":"publish","type":"page","link":"https:\/\/schmidt-strassenbau.de\/?page_id=73","title":{"rendered":"Jobs"},"content":{"rendered":"\t\t<div data-elementor-type=\"wp-page\" data-elementor-id=\"73\" class=\"elementor elementor-73\" data-elementor-post-type=\"page\">\n\t\t\t\t<div class=\"elementor-element elementor-element-63106aa e-flex e-con-boxed e-con e-parent\" data-id=\"63106aa\" data-element_type=\"container\" data-e-type=\"container\" data-settings=\"{&quot;background_background&quot;:&quot;classic&quot;}\">\n\t\t\t\t\t<div class=\"e-con-inner\">\n\t\t\t\t<div class=\"elementor-element elementor-element-1827a6a elementor-widget elementor-widget-spacer\" data-id=\"1827a6a\" data-element_type=\"widget\" data-e-type=\"widget\" data-widget_type=\"spacer.default\">\n\t\t\t\t<div class=\"elementor-widget-container\">\n\t\t\t\t\t\t\t<div class=\"elementor-spacer\">\n\t\t\t<div class=\"elementor-spacer-inner\"><\/div>\n\t\t<\/div>\n\t\t\t\t\t\t<\/div>\n\t\t\t\t<\/div>\n\t\t<div class=\"elementor-element elementor-element-33a10256 e-con-full e-flex e-con e-child\" data-id=\"33a10256\" data-element_type=\"container\" data-e-type=\"container\" data-settings=\"{&quot;background_background&quot;:&quot;classic&quot;}\">\n\t\t\t\t<div class=\"elementor-element elementor-element-5c8b798b elementor-widget elementor-widget-heading\" data-id=\"5c8b798b\" data-element_type=\"widget\" data-e-type=\"widget\" data-widget_type=\"heading.default\">\n\t\t\t\t<div class=\"elementor-widget-container\">\n\t\t\t\t\t<h2 class=\"elementor-heading-title elementor-size-default\">SCHMIDT TIEF- UND STRASSENBAU<br><b>JOBS &amp; KARRIERE<\/b><\/h2>\t\t\t\t<\/div>\n\t\t\t\t<\/div>\n\t\t\t\t<\/div>\n\t\t\t\t\t<\/div>\n\t\t\t\t<\/div>\n\t\t<div class=\"elementor-element elementor-element-6d1a3950 e-con-full e-flex e-con e-parent\" data-id=\"6d1a3950\" data-element_type=\"container\" data-e-type=\"container\">\n\t\t<div class=\"elementor-element elementor-element-35f8e963 e-con-full e-flex e-con e-child\" data-id=\"35f8e963\" data-element_type=\"container\" data-e-type=\"container\" data-settings=\"{&quot;background_background&quot;:&quot;classic&quot;}\">\n\t\t\t\t<div class=\"elementor-element elementor-element-739a690 elementor-widget elementor-widget-heading\" data-id=\"739a690\" data-element_type=\"widget\" data-e-type=\"widget\" data-widget_type=\"heading.default\">\n\t\t\t\t<div class=\"elementor-widget-container\">\n\t\t\t\t\t<h2 class=\"elementor-heading-title elementor-size-default\"><b>FACHARBEITER F\u00dcR TIEF- &amp; STRASSENBAU<\/b><br>IN VOLLZEIT (M\/W\/D)<\/h2>\t\t\t\t<\/div>\n\t\t\t\t<\/div>\n\t\t\t\t<div class=\"elementor-element elementor-element-2cd901c1 elementor-widget elementor-widget-text-editor\" data-id=\"2cd901c1\" data-element_type=\"widget\" data-e-type=\"widget\" data-widget_type=\"text-editor.default\">\n\t\t\t\t<div class=\"elementor-widget-container\">\n\t\t\t\t\t\t\t\t\t<p>Wir bieten ein unbefristetes Arbeitsverh\u00e4ltnis in Vollzeit, interessante und anspruchsvolle T\u00e4tigkeiten, eine leistungsgerechte Verg\u00fctung und entsprechende Zusatzleistungen, betriebliche Altersvorsorge, Weiterbildungsm\u00f6glichkeiten in einem modernen Arbeitsumfeld mit gutem Betriebsklima. Du hast eine abgeschlossene Ausbildung zum Stra\u00dfenbauer? Dann bewirb dich jetzt!<\/p><p><strong>Bewerbung an:<\/strong>\u00a0info@schmidt-strassenbau.de<\/p>\t\t\t\t\t\t\t\t<\/div>\n\t\t\t\t<\/div>\n\t\t\t\t<\/div>\n\t\t<div class=\"elementor-element elementor-element-56eb1059 e-con-full e-flex e-con e-child\" data-id=\"56eb1059\" data-element_type=\"container\" data-e-type=\"container\" data-settings=\"{&quot;background_background&quot;:&quot;classic&quot;}\">\n\t\t\t\t<\/div>\n\t\t\t\t<\/div>\n\t\t<div class=\"elementor-element elementor-element-3647fc8f e-con-full e-flex e-con e-parent\" data-id=\"3647fc8f\" data-element_type=\"container\" data-e-type=\"container\">\n\t\t<div class=\"elementor-element elementor-element-3fce9aaf e-con-full e-flex e-con e-child\" data-id=\"3fce9aaf\" data-element_type=\"container\" data-e-type=\"container\" data-settings=\"{&quot;background_background&quot;:&quot;classic&quot;}\">\n\t\t\t\t<\/div>\n\t\t<div class=\"elementor-element elementor-element-11b9b46e e-con-full e-flex e-con e-child\" data-id=\"11b9b46e\" data-element_type=\"container\" data-e-type=\"container\" data-settings=\"{&quot;background_background&quot;:&quot;classic&quot;}\">\n\t\t\t\t<div class=\"elementor-element elementor-element-3c731fbc elementor-widget elementor-widget-heading\" data-id=\"3c731fbc\" data-element_type=\"widget\" data-e-type=\"widget\" data-widget_type=\"heading.default\">\n\t\t\t\t<div class=\"elementor-widget-container\">\n\t\t\t\t\t<h2 class=\"elementor-heading-title elementor-size-default\"><b>LKW-FAHRER<\/b><br>IN VOLLZEIT (M\/W\/D)<\/h2>\t\t\t\t<\/div>\n\t\t\t\t<\/div>\n\t\t\t\t<div class=\"elementor-element elementor-element-6148271c elementor-widget elementor-widget-text-editor\" data-id=\"6148271c\" data-element_type=\"widget\" data-e-type=\"widget\" data-widget_type=\"text-editor.default\">\n\t\t\t\t<div class=\"elementor-widget-container\">\n\t\t\t\t\t\t\t\t\t<p>Wir bieten ein unbefristetes Arbeitsverh\u00e4ltnis in Vollzeit, interessante und anspruchsvolle T\u00e4tigkeiten, eine leistungsgerechte Verg\u00fctung und entsprechende Zusatzleistungen, betriebliche Altersvorsorge, Weiterbildungsm\u00f6glichkeiten in einem modernen Arbeitsumfeld mit gutem Betriebsklima. Du hast eine abgeschlossene Ausbildung zum Stra\u00dfenbauer? Dann bewirb dich jetzt!<\/p><p><strong>Bewerbung an:<\/strong>\u00a0info@schmidt-strassenbau.de<\/p>\t\t\t\t\t\t\t\t<\/div>\n\t\t\t\t<\/div>\n\t\t\t\t<\/div>\n\t\t\t\t<\/div>\n\t\t<div class=\"elementor-element elementor-element-3e654321 e-flex e-con-boxed e-con e-parent\" data-id=\"3e654321\" data-element_type=\"container\" data-e-type=\"container\">\n\t\t\t\t\t<div class=\"e-con-inner\">\n\t\t<div class=\"elementor-element elementor-element-2f974f85 e-con-full e-flex e-con e-child\" data-id=\"2f974f85\" data-element_type=\"container\" data-e-type=\"container\" data-settings=\"{&quot;background_background&quot;:&quot;classic&quot;}\">\n\t\t\t\t<div class=\"elementor-element elementor-element-7851b927 elementor-widget elementor-widget-heading\" data-id=\"7851b927\" data-element_type=\"widget\" data-e-type=\"widget\" data-widget_type=\"heading.default\">\n\t\t\t\t<div class=\"elementor-widget-container\">\n\t\t\t\t\t<h2 class=\"elementor-heading-title elementor-size-default\">STRASSENBAUER WERDEN<br><b>WIR BILDENAUCH AUS!<\/b><\/h2>\t\t\t\t<\/div>\n\t\t\t\t<\/div>\n\t\t\t\t<div class=\"elementor-element elementor-element-425d9c1 elementor-widget elementor-widget-text-editor\" data-id=\"425d9c1\" data-element_type=\"widget\" data-e-type=\"widget\" data-widget_type=\"text-editor.default\">\n\t\t\t\t<div class=\"elementor-widget-container\">\n\t\t\t\t\t\t\t\t\t<p>Du interessierst Dich f\u00fcr das Tief- und Stra\u00dfenbaugewerbe und m\u00f6chtest dich n\u00e4her informieren?<\/p><p>Gern zeigen wir dir bei einem zweiw\u00f6chigen Betriebspraktikum den Arbeitsalltag und die Aufgaben eines Stra\u00dfenbauers.<\/p><p><strong>Bewerbung an:<\/strong>\u00a0praktikum@schmidt-strassenbau.de<\/p>\t\t\t\t\t\t\t\t<\/div>\n\t\t\t\t<\/div>\n\t\t\t\t<\/div>\n\t\t\t\t\t<\/div>\n\t\t\t\t<\/div>\n\t\t\t\t<\/div>\n\t\t","protected":false},"excerpt":{"rendered":"<p>SCHMIDT TIEF- UND STRASSENBAUJOBS &amp; KARRIERE FACHARBEITER F\u00dcR TIEF- &amp; STRASSENBAUIN VOLLZEIT (M\/W\/D) Wir bieten ein unbefristetes Arbeitsverh\u00e4ltnis in Vollzeit, interessante und anspruchsvolle T\u00e4tigkeiten, eine leistungsgerechte Verg\u00fctung und entsprechende Zusatzleistungen, betriebliche Altersvorsorge, Weiterbildungsm\u00f6glichkeiten in einem modernen Arbeitsumfeld mit gutem Betriebsklima. Du hast eine abgeschlossene Ausbildung zum Stra\u00dfenbauer? Dann bewirb dich jetzt! Bewerbung an:\u00a0info@schmidt-strassenbau.de LKW-FAHRERIN VOLLZEIT [&hellip;]<\/p>\n","protected":false},"author":1,"featured_media":0,"parent":0,"menu_order":0,"comment_status":"closed","ping_status":"closed","template":"","meta":{"footnotes":""},"class_list":["post-73","page","type-page","status-publish","hentry"],"_links":{"self":[{"href":"https:\/\/schmidt-strassenbau.de\/index.php?rest_route=\/wp\/v2\/pages\/73","targetHints":{"allow":["GET"]}}],"collection":[{"href":"https:\/\/schmidt-strassenbau.de\/index.php?rest_route=\/wp\/v2\/pages"}],"about":[{"href":"https:\/\/schmidt-strassenbau.de\/index.php?rest_route=\/wp\/v2\/types\/page"}],"author":[{"embeddable":true,"href":"https:\/\/schmidt-strassenbau.de\/index.php?rest_route=\/wp\/v2\/users\/1"}],"replies":[{"embeddable":true,"href":"https:\/\/schmidt-strassenbau.de\/index.php?rest_route=%2Fwp%2Fv2%2Fcomments&post=73"}],"version-history":[{"count":13,"href":"https:\/\/schmidt-strassenbau.de\/index.php?rest_route=\/wp\/v2\/pages\/73\/revisions"}],"predecessor-version":[{"id":365,"href":"https:\/\/schmidt-strassenbau.de\/index.php?rest_route=\/wp\/v2\/pages\/73\/revisions\/365"}],"wp:attachment":[{"href":"https:\/\/schmidt-strassenbau.de\/index.php?rest_route=%2Fwp%2Fv2%2Fmedia&parent=73"}],"curies":[{"name":"wp","href":"https:\/\/api.w.org\/{rel}","templated":true}]}}