{"id":59,"date":"2025-01-24T11:10:10","date_gmt":"2025-01-24T11:10:10","guid":{"rendered":"https:\/\/schmidt-strassenbau.de\/?page_id=59"},"modified":"2025-01-28T07:05:23","modified_gmt":"2025-01-28T07:05:23","slug":"leistungen","status":"publish","type":"page","link":"https:\/\/schmidt-strassenbau.de\/?page_id=59","title":{"rendered":"Leistungen"},"content":{"rendered":"\t\t<div data-elementor-type=\"wp-page\" data-elementor-id=\"59\" class=\"elementor elementor-59\" data-elementor-post-type=\"page\">\n\t\t\t\t<div class=\"elementor-element elementor-element-5a1d9e8f e-flex e-con-boxed e-con e-parent\" data-id=\"5a1d9e8f\" data-element_type=\"container\" data-e-type=\"container\" data-settings=\"{&quot;background_background&quot;:&quot;classic&quot;}\">\n\t\t\t\t\t<div class=\"e-con-inner\">\n\t\t<div class=\"elementor-element elementor-element-7c0216e1 e-con-full e-flex e-con e-child\" data-id=\"7c0216e1\" data-element_type=\"container\" data-e-type=\"container\">\n\t\t\t\t<div class=\"elementor-element elementor-element-a7fa5cc elementor-widget elementor-widget-spacer\" data-id=\"a7fa5cc\" data-element_type=\"widget\" data-e-type=\"widget\" data-widget_type=\"spacer.default\">\n\t\t\t\t<div class=\"elementor-widget-container\">\n\t\t\t\t\t\t\t<div class=\"elementor-spacer\">\n\t\t\t<div class=\"elementor-spacer-inner\"><\/div>\n\t\t<\/div>\n\t\t\t\t\t\t<\/div>\n\t\t\t\t<\/div>\n\t\t\t\t<\/div>\n\t\t<div class=\"elementor-element elementor-element-c0a249d e-con-full e-flex e-con e-child\" data-id=\"c0a249d\" data-element_type=\"container\" data-e-type=\"container\" data-settings=\"{&quot;background_background&quot;:&quot;classic&quot;}\">\n\t\t\t\t<div class=\"elementor-element elementor-element-2104f1d6 elementor-widget elementor-widget-heading\" data-id=\"2104f1d6\" data-element_type=\"widget\" data-e-type=\"widget\" data-widget_type=\"heading.default\">\n\t\t\t\t<div class=\"elementor-widget-container\">\n\t\t\t\t\t<h2 class=\"elementor-heading-title elementor-size-default\">SCHMIDT TIEF- UND STRASSENBAU<br><b>UNSERE LEISTUNGEN<\/b><\/h2>\t\t\t\t<\/div>\n\t\t\t\t<\/div>\n\t\t\t\t<\/div>\n\t\t\t\t\t<\/div>\n\t\t\t\t<\/div>\n\t\t<div class=\"elementor-element elementor-element-3c654460 e-con-full e-flex e-con e-parent\" data-id=\"3c654460\" data-element_type=\"container\" data-e-type=\"container\">\n\t\t<div class=\"elementor-element elementor-element-28b85d88 e-con-full e-flex e-con e-child\" data-id=\"28b85d88\" data-element_type=\"container\" data-e-type=\"container\" data-settings=\"{&quot;background_background&quot;:&quot;classic&quot;}\">\n\t\t\t\t<div class=\"elementor-element elementor-element-39f16bf2 elementor-widget elementor-widget-heading\" data-id=\"39f16bf2\" data-element_type=\"widget\" data-e-type=\"widget\" data-widget_type=\"heading.default\">\n\t\t\t\t<div class=\"elementor-widget-container\">\n\t\t\t\t\t<h2 class=\"elementor-heading-title elementor-size-default\">NEUE WEGE ERSCHLIESSEN<br><b>STRASSENBAU<\/b><\/h2>\t\t\t\t<\/div>\n\t\t\t\t<\/div>\n\t\t\t\t<div class=\"elementor-element elementor-element-73b9a273 elementor-widget elementor-widget-text-editor\" data-id=\"73b9a273\" data-element_type=\"widget\" data-e-type=\"widget\" data-widget_type=\"text-editor.default\">\n\t\t\t\t<div class=\"elementor-widget-container\">\n\t\t\t\t\t\t\t\t\t<p>Ob grundlegender Ausbau oder Sanierung einzelner Schadstellen. Die Firma ST Schmidt Tief- und Stra\u00dfenbau baut\/saniert Ihre neuen Stra\u00dfen, Wege und Pl\u00e4tze. Ob \u00f6ffentliche, gewerbliche oder private Auftraggeber.<\/p><p>Folgende Leistung bieten wir Ihnen im Stra\u00dfenbau:<\/p><ul><li>Pflasterarbeiten und Steinsetzarbeiten<\/li><li>Herstellung ungebundener Oberfl\u00e4chen<\/li><li>Erdbauarbeiten<\/li><li>Fundamentarbeiten<\/li><\/ul>\t\t\t\t\t\t\t\t<\/div>\n\t\t\t\t<\/div>\n\t\t\t\t<\/div>\n\t\t<div class=\"elementor-element elementor-element-22ba4363 e-con-full e-flex e-con e-child\" data-id=\"22ba4363\" data-element_type=\"container\" data-e-type=\"container\" data-settings=\"{&quot;background_background&quot;:&quot;classic&quot;}\">\n\t\t\t\t<\/div>\n\t\t\t\t<\/div>\n\t\t<div class=\"elementor-element elementor-element-390ba3b5 e-con-full e-flex e-con e-parent\" data-id=\"390ba3b5\" data-element_type=\"container\" data-e-type=\"container\">\n\t\t<div class=\"elementor-element elementor-element-652ff86e e-con-full e-flex e-con e-child\" data-id=\"652ff86e\" data-element_type=\"container\" data-e-type=\"container\" data-settings=\"{&quot;background_background&quot;:&quot;classic&quot;}\">\n\t\t\t\t<\/div>\n\t\t<div class=\"elementor-element elementor-element-de76c12 e-con-full e-flex e-con e-child\" data-id=\"de76c12\" data-element_type=\"container\" data-e-type=\"container\" data-settings=\"{&quot;background_background&quot;:&quot;classic&quot;}\">\n\t\t\t\t<div class=\"elementor-element elementor-element-368dfc0c elementor-widget elementor-widget-heading\" data-id=\"368dfc0c\" data-element_type=\"widget\" data-e-type=\"widget\" data-widget_type=\"heading.default\">\n\t\t\t\t<div class=\"elementor-widget-container\">\n\t\t\t\t\t<h2 class=\"elementor-heading-title elementor-size-default\">NEUE WERTE SCHAFFEN<br><b>TIEFBAU<\/b><\/h2>\t\t\t\t<\/div>\n\t\t\t\t<\/div>\n\t\t\t\t<div class=\"elementor-element elementor-element-695b867c elementor-widget elementor-widget-text-editor\" data-id=\"695b867c\" data-element_type=\"widget\" data-e-type=\"widget\" data-widget_type=\"text-editor.default\">\n\t\t\t\t<div class=\"elementor-widget-container\">\n\t\t\t\t\t\t\t\t\t<p>Zus\u00e4tzlich zu den Stra\u00dfenbauarbeiten bietet die Firma ST Schmidt Tief- und Stra\u00dfenbau folgende Leistungen im Tiefbau an:<\/p><ul><li>Regen und Schmutzwasserleitung in offener Bauweise<\/li><li>Regen und Schmutzwasser Hausanschl\u00fcsse + \u00dcbergabeschacht<\/li><li>Oberfl\u00e4chenentw\u00e4sserung<\/li><li>Herstellung von Versorgungsgr\u00e4ben<\/li><li>Erdbewegungen<\/li><\/ul>\t\t\t\t\t\t\t\t<\/div>\n\t\t\t\t<\/div>\n\t\t\t\t<\/div>\n\t\t\t\t<\/div>\n\t\t<div class=\"elementor-element elementor-element-81b06dc e-con-full e-flex e-con e-parent\" data-id=\"81b06dc\" data-element_type=\"container\" data-e-type=\"container\">\n\t\t<div class=\"elementor-element elementor-element-2a6639e4 e-con-full e-flex e-con e-child\" data-id=\"2a6639e4\" data-element_type=\"container\" data-e-type=\"container\" data-settings=\"{&quot;background_background&quot;:&quot;classic&quot;}\">\n\t\t\t\t<div class=\"elementor-element elementor-element-613060dc elementor-widget elementor-widget-heading\" data-id=\"613060dc\" data-element_type=\"widget\" data-e-type=\"widget\" data-widget_type=\"heading.default\">\n\t\t\t\t<div class=\"elementor-widget-container\">\n\t\t\t\t\t<h2 class=\"elementor-heading-title elementor-size-default\">GRENZEN \u00dcBERWINDEN<br><b>SHT-Logistik<\/b><\/h2>\t\t\t\t<\/div>\n\t\t\t\t<\/div>\n\t\t\t\t<div class=\"elementor-element elementor-element-1ee6f9e0 elementor-widget elementor-widget-text-editor\" data-id=\"1ee6f9e0\" data-element_type=\"widget\" data-e-type=\"widget\" data-widget_type=\"text-editor.default\">\n\t\t\t\t<div class=\"elementor-widget-container\">\n\t\t\t\t\t\t\t\t\t<p>Um unseren Kunden im Tief- und Stra\u00dfenbau einen noch gr\u00f6\u00dferen Service bieten zu k\u00f6nnen, gr\u00fcndete ich mit meinem Gesch\u00e4ftspartner Jan-Herbert Hintz im April 2019 das Unternehmen SHT-Logistik GmbH.<\/p><p>Wir bieten:<\/p><ul><li><strong>Sch\u00fcttg\u00fctertransport<\/strong><\/li><li><strong>St\u00fcckguttransport (Kranentladung)<\/strong><\/li><li><strong>Tieflader Transport<\/strong><\/li><\/ul><p>Mail:\u00a0<a href=\"mailto:sht-logistik@web.de\" target=\"_blank\" rel=\"noopener\">sht-logistik@web.de<\/a><br \/>Web:\u00a0<a href=\"http:\/\/sht-logistik.com\/\" target=\"_blank\" rel=\"noopener\" data-saferedirecturl=\"https:\/\/www.google.com\/url?q=http:\/\/sht-logistik.com&amp;source=gmail&amp;ust=1576165909374000&amp;usg=AFQjCNFhxJoefbOxQ3pd6ZYfAZY0smLrxg\">sht-logistik.com<\/a><\/p>\t\t\t\t\t\t\t\t<\/div>\n\t\t\t\t<\/div>\n\t\t\t\t<\/div>\n\t\t<div class=\"elementor-element elementor-element-51f9715e e-con-full e-flex e-con e-child\" data-id=\"51f9715e\" data-element_type=\"container\" data-e-type=\"container\" data-settings=\"{&quot;background_background&quot;:&quot;classic&quot;}\">\n\t\t\t\t<\/div>\n\t\t\t\t<\/div>\n\t\t\t\t<\/div>\n\t\t","protected":false},"excerpt":{"rendered":"<p>SCHMIDT TIEF- UND STRASSENBAUUNSERE LEISTUNGEN NEUE WEGE ERSCHLIESSENSTRASSENBAU Ob grundlegender Ausbau oder Sanierung einzelner Schadstellen. Die Firma ST Schmidt Tief- und Stra\u00dfenbau baut\/saniert Ihre neuen Stra\u00dfen, Wege und Pl\u00e4tze. Ob \u00f6ffentliche, gewerbliche oder private Auftraggeber. Folgende Leistung bieten wir Ihnen im Stra\u00dfenbau: Pflasterarbeiten und Steinsetzarbeiten Herstellung ungebundener Oberfl\u00e4chen Erdbauarbeiten Fundamentarbeiten NEUE WERTE SCHAFFENTIEFBAU Zus\u00e4tzlich zu [&hellip;]<\/p>\n","protected":false},"author":1,"featured_media":0,"parent":0,"menu_order":0,"comment_status":"closed","ping_status":"closed","template":"elementor_header_footer","meta":{"footnotes":""},"class_list":["post-59","page","type-page","status-publish","hentry"],"_links":{"self":[{"href":"https:\/\/schmidt-strassenbau.de\/index.php?rest_route=\/wp\/v2\/pages\/59","targetHints":{"allow":["GET"]}}],"collection":[{"href":"https:\/\/schmidt-strassenbau.de\/index.php?rest_route=\/wp\/v2\/pages"}],"about":[{"href":"https:\/\/schmidt-strassenbau.de\/index.php?rest_route=\/wp\/v2\/types\/page"}],"author":[{"embeddable":true,"href":"https:\/\/schmidt-strassenbau.de\/index.php?rest_route=\/wp\/v2\/users\/1"}],"replies":[{"embeddable":true,"href":"https:\/\/schmidt-strassenbau.de\/index.php?rest_route=%2Fwp%2Fv2%2Fcomments&post=59"}],"version-history":[{"count":22,"href":"https:\/\/schmidt-strassenbau.de\/index.php?rest_route=\/wp\/v2\/pages\/59\/revisions"}],"predecessor-version":[{"id":381,"href":"https:\/\/schmidt-strassenbau.de\/index.php?rest_route=\/wp\/v2\/pages\/59\/revisions\/381"}],"wp:attachment":[{"href":"https:\/\/schmidt-strassenbau.de\/index.php?rest_route=%2Fwp%2Fv2%2Fmedia&parent=59"}],"curies":[{"name":"wp","href":"https:\/\/api.w.org\/{rel}","templated":true}]}}