{"id":52,"date":"2025-01-24T11:06:43","date_gmt":"2025-01-24T11:06:43","guid":{"rendered":"https:\/\/schmidt-strassenbau.de\/?page_id=52"},"modified":"2025-01-28T07:08:12","modified_gmt":"2025-01-28T07:08:12","slug":"unternehmen","status":"publish","type":"page","link":"https:\/\/schmidt-strassenbau.de\/?page_id=52","title":{"rendered":"Unternehmen"},"content":{"rendered":"\t\t<div data-elementor-type=\"wp-page\" data-elementor-id=\"52\" class=\"elementor elementor-52\" data-elementor-post-type=\"page\">\n\t\t\t\t<div class=\"elementor-element elementor-element-09a1a12 e-flex e-con-boxed e-con e-parent\" data-id=\"09a1a12\" data-element_type=\"container\" data-e-type=\"container\" data-settings=\"{&quot;background_background&quot;:&quot;classic&quot;}\">\n\t\t\t\t\t<div class=\"e-con-inner\">\n\t\t\t\t<div class=\"elementor-element elementor-element-f3ea6d2 elementor-widget elementor-widget-spacer\" data-id=\"f3ea6d2\" data-element_type=\"widget\" data-e-type=\"widget\" data-widget_type=\"spacer.default\">\n\t\t\t\t<div class=\"elementor-widget-container\">\n\t\t\t\t\t\t\t<div class=\"elementor-spacer\">\n\t\t\t<div class=\"elementor-spacer-inner\"><\/div>\n\t\t<\/div>\n\t\t\t\t\t\t<\/div>\n\t\t\t\t<\/div>\n\t\t<div class=\"elementor-element elementor-element-511380f6 e-con-full e-flex e-con e-child\" data-id=\"511380f6\" data-element_type=\"container\" data-e-type=\"container\" data-settings=\"{&quot;background_background&quot;:&quot;classic&quot;}\">\n\t\t\t\t<div class=\"elementor-element elementor-element-253c60e0 elementor-widget elementor-widget-heading\" data-id=\"253c60e0\" data-element_type=\"widget\" data-e-type=\"widget\" data-widget_type=\"heading.default\">\n\t\t\t\t<div class=\"elementor-widget-container\">\n\t\t\t\t\t<h2 class=\"elementor-heading-title elementor-size-default\">SCHMIDT TIEF- UND STRASSENBAU<br><b>DAS UNTERNEHMEN<\/b><\/h2>\t\t\t\t<\/div>\n\t\t\t\t<\/div>\n\t\t\t\t<\/div>\n\t\t\t\t\t<\/div>\n\t\t\t\t<\/div>\n\t\t<div class=\"elementor-element elementor-element-6523ee90 e-con-full e-flex e-con e-parent\" data-id=\"6523ee90\" data-element_type=\"container\" data-e-type=\"container\">\n\t\t<div class=\"elementor-element elementor-element-7ef8d2cd e-con-full e-flex e-con e-child\" data-id=\"7ef8d2cd\" data-element_type=\"container\" data-e-type=\"container\" data-settings=\"{&quot;background_background&quot;:&quot;classic&quot;}\">\n\t\t\t\t<div class=\"elementor-element elementor-element-90a95f9 elementor-widget elementor-widget-heading\" data-id=\"90a95f9\" data-element_type=\"widget\" data-e-type=\"widget\" data-widget_type=\"heading.default\">\n\t\t\t\t<div class=\"elementor-widget-container\">\n\t\t\t\t\t<h2 class=\"elementor-heading-title elementor-size-default\">WER WIR SIND<br><b>DAS UNTERNEHMEN<\/b><\/h2>\t\t\t\t<\/div>\n\t\t\t\t<\/div>\n\t\t\t\t<div class=\"elementor-element elementor-element-bcffc3 elementor-widget elementor-widget-text-editor\" data-id=\"bcffc3\" data-element_type=\"widget\" data-e-type=\"widget\" data-widget_type=\"text-editor.default\">\n\t\t\t\t<div class=\"elementor-widget-container\">\n\t\t\t\t\t\t\t\t\t<p>Nach erfolgreichem Abschluss meiner Berufsausbildung zum Tief- und Stra\u00dfenbauer arbeitete ich 4 Jahre in dem Beruf, als der Wunsch einer Selbstst\u00e4ndigkeit immer gr\u00f6\u00dfer wurde. So erlang ich 2015 den Meistertitel im Stra\u00dfenbauer-Handwerk und gr\u00fcndete im Mai 2015 mein eigenes Unternehmen.<\/p><p>ST Schmidt Tief- und Stra\u00dfenbau in Rickling. Seit nunmehr 7 Jahren stehe ich Ihnen mit Rat und Tat zur Seite um mit Ihnen Ihr Bauvorhaben zu realisieren. Die Aus- und Weiterbildung meiner Mitarbeiter ist mir sehr wichtig, daher biete ich Ausbildungspl\u00e4tze zum Tief- und Stra\u00dfenbauer an.<\/p>\t\t\t\t\t\t\t\t<\/div>\n\t\t\t\t<\/div>\n\t\t\t\t<\/div>\n\t\t<div class=\"elementor-element elementor-element-8beabee e-con-full e-flex e-con e-child\" data-id=\"8beabee\" data-element_type=\"container\" data-e-type=\"container\" data-settings=\"{&quot;background_background&quot;:&quot;classic&quot;}\">\n\t\t\t\t<\/div>\n\t\t\t\t<\/div>\n\t\t<div class=\"elementor-element elementor-element-5c77dcf0 e-con-full e-flex e-con e-parent\" data-id=\"5c77dcf0\" data-element_type=\"container\" data-e-type=\"container\">\n\t\t<div class=\"elementor-element elementor-element-23d486f7 e-con-full e-flex e-con e-child\" data-id=\"23d486f7\" data-element_type=\"container\" data-e-type=\"container\" data-settings=\"{&quot;background_background&quot;:&quot;classic&quot;}\">\n\t\t\t\t<\/div>\n\t\t<div class=\"elementor-element elementor-element-3841646c e-con-full e-flex e-con e-child\" data-id=\"3841646c\" data-element_type=\"container\" data-e-type=\"container\" data-settings=\"{&quot;background_background&quot;:&quot;classic&quot;}\">\n\t\t\t\t<div class=\"elementor-element elementor-element-127b8323 elementor-widget elementor-widget-heading\" data-id=\"127b8323\" data-element_type=\"widget\" data-e-type=\"widget\" data-widget_type=\"heading.default\">\n\t\t\t\t<div class=\"elementor-widget-container\">\n\t\t\t\t\t<h2 class=\"elementor-heading-title elementor-size-default\">WAS UNS AUSMACHT<br><b>UNSERE PHILOSOPHIE<\/b><\/h2>\t\t\t\t<\/div>\n\t\t\t\t<\/div>\n\t\t\t\t<div class=\"elementor-element elementor-element-31551b02 elementor-widget elementor-widget-text-editor\" data-id=\"31551b02\" data-element_type=\"widget\" data-e-type=\"widget\" data-widget_type=\"text-editor.default\">\n\t\t\t\t<div class=\"elementor-widget-container\">\n\t\t\t\t\t\t\t\t\t<p>Qualit\u00e4t. Wir arbeiten nur mit besten Materialien und bew\u00e4hrten Techniken, um f\u00fcr unsere Kunden ein langfristig gutes Ergebnis zu erzielen.<\/p><p>Fairness. Durch unsere Expertise und die Kombination unserer Leistungen k\u00f6nnen wir beste Preis-Leistungs-Verh\u00e4ltnisse erzielen &#8211; ohne Abstriche.<\/p>\t\t\t\t\t\t\t\t<\/div>\n\t\t\t\t<\/div>\n\t\t\t\t<\/div>\n\t\t\t\t<\/div>\n\t\t<div class=\"elementor-element elementor-element-73d049e9 e-con-full e-flex e-con e-parent\" data-id=\"73d049e9\" data-element_type=\"container\" data-e-type=\"container\">\n\t\t<div class=\"elementor-element elementor-element-258fee15 e-con-full e-flex e-con e-child\" data-id=\"258fee15\" data-element_type=\"container\" data-e-type=\"container\" data-settings=\"{&quot;background_background&quot;:&quot;classic&quot;}\">\n\t\t\t\t<div class=\"elementor-element elementor-element-6c20a3bb elementor-widget elementor-widget-heading\" data-id=\"6c20a3bb\" data-element_type=\"widget\" data-e-type=\"widget\" data-widget_type=\"heading.default\">\n\t\t\t\t<div class=\"elementor-widget-container\">\n\t\t\t\t\t<h2 class=\"elementor-heading-title elementor-size-default\">SCHMIDT TIEF- &amp; STRASSENBAU<br><b>IN ZAHLEN<\/b><\/h2>\t\t\t\t<\/div>\n\t\t\t\t<\/div>\n\t\t\t\t<div class=\"elementor-element elementor-element-788f81e elementor-widget elementor-widget-text-editor\" data-id=\"788f81e\" data-element_type=\"widget\" data-e-type=\"widget\" data-widget_type=\"text-editor.default\">\n\t\t\t\t<div class=\"elementor-widget-container\">\n\t\t\t\t\t\t\t\t\t<h3>Personal:<\/h3><ul><li>Stra\u00dfenbaumeister: 1<\/li><li>Werkspolier: 1<\/li><li>Vorarbeiter: 1<\/li><li>Facharbeiter: 4<\/li><li>Bauhelfer: 3<\/li><li>LKW-Fahrer: 1<\/li><li>Azubis: 2<\/li><\/ul><h3>Fuhrpark:<\/h3><ul><li>Mobilbagger 16t: 2<\/li><li>Kettenbagger 10t: 1<\/li><li>Kettenbagger 1,9t: 1<\/li><li>LKW mit Tieflader: 1<\/li><li>Trecker und Mulde: 1<\/li><li>Radlader 2,5t: 1<\/li><li>Radlader 10t: 1<\/li><li>Verbauk\u00e4sten: 2<\/li><\/ul>\t\t\t\t\t\t\t\t<\/div>\n\t\t\t\t<\/div>\n\t\t\t\t<\/div>\n\t\t<div class=\"elementor-element elementor-element-765de3 e-con-full e-flex e-con e-child\" data-id=\"765de3\" data-element_type=\"container\" data-e-type=\"container\" data-settings=\"{&quot;background_background&quot;:&quot;classic&quot;}\">\n\t\t\t\t<\/div>\n\t\t\t\t<\/div>\n\t\t<div class=\"elementor-element elementor-element-b04499c e-flex e-con-boxed e-con e-parent\" data-id=\"b04499c\" data-element_type=\"container\" data-e-type=\"container\">\n\t\t\t\t\t<div class=\"e-con-inner\">\n\t\t\t\t<div class=\"elementor-element elementor-element-0187b85 elementor-widget-divider--view-line elementor-widget elementor-widget-divider\" data-id=\"0187b85\" data-element_type=\"widget\" data-e-type=\"widget\" data-widget_type=\"divider.default\">\n\t\t\t\t<div class=\"elementor-widget-container\">\n\t\t\t\t\t\t\t<div class=\"elementor-divider\">\n\t\t\t<span class=\"elementor-divider-separator\">\n\t\t\t\t\t\t<\/span>\n\t\t<\/div>\n\t\t\t\t\t\t<\/div>\n\t\t\t\t<\/div>\n\t\t\t\t\t<\/div>\n\t\t\t\t<\/div>\n\t\t\t\t<\/div>\n\t\t","protected":false},"excerpt":{"rendered":"<p>SCHMIDT TIEF- UND STRASSENBAUDAS UNTERNEHMEN WER WIR SINDDAS UNTERNEHMEN Nach erfolgreichem Abschluss meiner Berufsausbildung zum Tief- und Stra\u00dfenbauer arbeitete ich 4 Jahre in dem Beruf, als der Wunsch einer Selbstst\u00e4ndigkeit immer gr\u00f6\u00dfer wurde. So erlang ich 2015 den Meistertitel im Stra\u00dfenbauer-Handwerk und gr\u00fcndete im Mai 2015 mein eigenes Unternehmen. ST Schmidt Tief- und Stra\u00dfenbau in [&hellip;]<\/p>\n","protected":false},"author":1,"featured_media":0,"parent":0,"menu_order":0,"comment_status":"closed","ping_status":"closed","template":"elementor_header_footer","meta":{"footnotes":""},"class_list":["post-52","page","type-page","status-publish","hentry"],"_links":{"self":[{"href":"https:\/\/schmidt-strassenbau.de\/index.php?rest_route=\/wp\/v2\/pages\/52","targetHints":{"allow":["GET"]}}],"collection":[{"href":"https:\/\/schmidt-strassenbau.de\/index.php?rest_route=\/wp\/v2\/pages"}],"about":[{"href":"https:\/\/schmidt-strassenbau.de\/index.php?rest_route=\/wp\/v2\/types\/page"}],"author":[{"embeddable":true,"href":"https:\/\/schmidt-strassenbau.de\/index.php?rest_route=\/wp\/v2\/users\/1"}],"replies":[{"embeddable":true,"href":"https:\/\/schmidt-strassenbau.de\/index.php?rest_route=%2Fwp%2Fv2%2Fcomments&post=52"}],"version-history":[{"count":43,"href":"https:\/\/schmidt-strassenbau.de\/index.php?rest_route=\/wp\/v2\/pages\/52\/revisions"}],"predecessor-version":[{"id":393,"href":"https:\/\/schmidt-strassenbau.de\/index.php?rest_route=\/wp\/v2\/pages\/52\/revisions\/393"}],"wp:attachment":[{"href":"https:\/\/schmidt-strassenbau.de\/index.php?rest_route=%2Fwp%2Fv2%2Fmedia&parent=52"}],"curies":[{"name":"wp","href":"https:\/\/api.w.org\/{rel}","templated":true}]}}