{"id":34,"date":"2025-01-24T10:42:50","date_gmt":"2025-01-24T10:42:50","guid":{"rendered":"https:\/\/schmidt-strassenbau.de\/?page_id=34"},"modified":"2025-01-28T07:07:24","modified_gmt":"2025-01-28T07:07:24","slug":"start","status":"publish","type":"page","link":"https:\/\/schmidt-strassenbau.de\/","title":{"rendered":"Start"},"content":{"rendered":"\t\t<div data-elementor-type=\"wp-page\" data-elementor-id=\"34\" class=\"elementor elementor-34\" data-elementor-post-type=\"page\">\n\t\t\t\t<div class=\"elementor-element elementor-element-336cb17 e-flex e-con-boxed e-con e-parent\" data-id=\"336cb17\" data-element_type=\"container\" data-e-type=\"container\" data-settings=\"{&quot;background_background&quot;:&quot;classic&quot;}\">\n\t\t\t\t\t<div class=\"e-con-inner\">\n\t\t\t\t<div class=\"elementor-element elementor-element-d6a2b07 elementor-widget elementor-widget-spacer\" data-id=\"d6a2b07\" data-element_type=\"widget\" data-e-type=\"widget\" data-widget_type=\"spacer.default\">\n\t\t\t\t<div class=\"elementor-widget-container\">\n\t\t\t\t\t\t\t<div class=\"elementor-spacer\">\n\t\t\t<div class=\"elementor-spacer-inner\"><\/div>\n\t\t<\/div>\n\t\t\t\t\t\t<\/div>\n\t\t\t\t<\/div>\n\t\t<div class=\"elementor-element elementor-element-871ea90 e-con-full e-flex e-con e-child\" data-id=\"871ea90\" data-element_type=\"container\" data-e-type=\"container\" data-settings=\"{&quot;background_background&quot;:&quot;classic&quot;}\">\n\t\t\t\t<div class=\"elementor-element elementor-element-c9394e7 elementor-widget elementor-widget-heading\" data-id=\"c9394e7\" data-element_type=\"widget\" data-e-type=\"widget\" data-widget_type=\"heading.default\">\n\t\t\t\t<div class=\"elementor-widget-container\">\n\t\t\t\t\t<h2 class=\"elementor-heading-title elementor-size-default\"><b> SCHMIDT TIEF- UND STRASSENBAU <\/b> <br>ERFOLG HAT SIEBEN BUCHSTABEN: SCHMIDT<\/h2>\t\t\t\t<\/div>\n\t\t\t\t<\/div>\n\t\t\t\t<\/div>\n\t\t\t\t\t<\/div>\n\t\t\t\t<\/div>\n\t\t<div class=\"elementor-element elementor-element-e7063d3 e-con-full e-flex e-con e-parent\" data-id=\"e7063d3\" data-element_type=\"container\" data-e-type=\"container\">\n\t\t<div class=\"elementor-element elementor-element-72e14e1 e-con-full e-flex e-con e-child\" data-id=\"72e14e1\" data-element_type=\"container\" data-e-type=\"container\" data-settings=\"{&quot;background_background&quot;:&quot;classic&quot;}\">\n\t\t\t\t<\/div>\n\t\t<div class=\"elementor-element elementor-element-3ae1809 e-con-full e-flex e-con e-child\" data-id=\"3ae1809\" data-element_type=\"container\" data-e-type=\"container\" data-settings=\"{&quot;background_background&quot;:&quot;classic&quot;}\">\n\t\t\t\t<div class=\"elementor-element elementor-element-ca85b57 elementor-widget elementor-widget-heading\" data-id=\"ca85b57\" data-element_type=\"widget\" data-e-type=\"widget\" data-widget_type=\"heading.default\">\n\t\t\t\t<div class=\"elementor-widget-container\">\n\t\t\t\t\t<h2 class=\"elementor-heading-title elementor-size-default\">DAS SIND WIR<br><b>\u00dcBER UNS<\/b><\/h2>\t\t\t\t<\/div>\n\t\t\t\t<\/div>\n\t\t\t\t<div class=\"elementor-element elementor-element-76dba9a elementor-widget elementor-widget-text-editor\" data-id=\"76dba9a\" data-element_type=\"widget\" data-e-type=\"widget\" data-widget_type=\"text-editor.default\">\n\t\t\t\t<div class=\"elementor-widget-container\">\n\t\t\t\t\t\t\t\t\t<p>Moin, mein Name ist Eike Oliver Schmidt und ich darf Sie herzlich willkommen hei\u00dfen. Suchen Sie ein junges, dynamisches Unternehmen f\u00fcr Ihr Bauvorhaben? Dann sind Sie hier genau richtig.<\/p><p>Wir f\u00fchren Erschlie\u00dfungen, Erdarbeiten, Schmutz- und Regenwasserentw\u00e4sserung, Pflasterarbeiten und vieles mehr durch. Wir f\u00fchren sowohl \u00f6ffentliche als auch private Bauauftr\u00e4ge in enger Zusammenarbeit mit Ihnen aus. Wir bieten Ihnen h\u00f6chste Qualit\u00e4t und Komplettl\u00f6sungen f\u00fcr Ihr Bauvorhaben. Sprechen Sie mich gerne an!<\/p>\t\t\t\t\t\t\t\t<\/div>\n\t\t\t\t<\/div>\n\t\t\t\t<div class=\"elementor-element elementor-element-647da30 elementor-align-justify elementor-widget elementor-widget-button\" data-id=\"647da30\" data-element_type=\"widget\" data-e-type=\"widget\" data-widget_type=\"button.default\">\n\t\t\t\t<div class=\"elementor-widget-container\">\n\t\t\t\t\t\t\t\t\t<div class=\"elementor-button-wrapper\">\n\t\t\t\t\t<a class=\"elementor-button elementor-button-link elementor-size-sm\" href=\"#\">\n\t\t\t\t\t\t<span class=\"elementor-button-content-wrapper\">\n\t\t\t\t\t\t\t\t\t<span class=\"elementor-button-text\">MEHR DAZU<\/span>\n\t\t\t\t\t<\/span>\n\t\t\t\t\t<\/a>\n\t\t\t\t<\/div>\n\t\t\t\t\t\t\t\t<\/div>\n\t\t\t\t<\/div>\n\t\t\t\t<\/div>\n\t\t\t\t<\/div>\n\t\t<div class=\"elementor-element elementor-element-221615d e-con-full e-flex e-con e-parent\" data-id=\"221615d\" data-element_type=\"container\" data-e-type=\"container\">\n\t\t<div class=\"elementor-element elementor-element-e4873a4 e-con-full e-flex e-con e-child\" data-id=\"e4873a4\" data-element_type=\"container\" data-e-type=\"container\" data-settings=\"{&quot;background_background&quot;:&quot;classic&quot;}\">\n\t\t\t\t<div class=\"elementor-element elementor-element-1b6627d elementor-widget elementor-widget-heading\" data-id=\"1b6627d\" data-element_type=\"widget\" data-e-type=\"widget\" data-widget_type=\"heading.default\">\n\t\t\t\t<div class=\"elementor-widget-container\">\n\t\t\t\t\t<h2 class=\"elementor-heading-title elementor-size-default\">NEUE WEGE ERSCHLIESSEN<br><b>STRASSENBAU<\/b><\/h2>\t\t\t\t<\/div>\n\t\t\t\t<\/div>\n\t\t\t\t<div class=\"elementor-element elementor-element-cfdd766 elementor-widget elementor-widget-text-editor\" data-id=\"cfdd766\" data-element_type=\"widget\" data-e-type=\"widget\" data-widget_type=\"text-editor.default\">\n\t\t\t\t<div class=\"elementor-widget-container\">\n\t\t\t\t\t\t\t\t\t<p>Ob grundlegender Ausbau oder Sanierung einzelner Schadstellen. Die Firma ST Schmidt Tief- und Stra\u00dfenbau baut\/saniert Ihre neuen Stra\u00dfen, Wege und Pl\u00e4tze. Ob \u00f6ffentliche, gewerbliche oder private Auftraggeber.<\/p><p>Folgende Leistung bieten wir Ihnen im Stra\u00dfenbau:<\/p><ul><li>Pflasterarbeiten und Steinsetzarbeiten<\/li><li>Herstellung ungebundener Oberfl\u00e4chen<\/li><li>Erdbauarbeiten<\/li><li>Fundamentarbeiten<\/li><\/ul>\t\t\t\t\t\t\t\t<\/div>\n\t\t\t\t<\/div>\n\t\t\t\t<\/div>\n\t\t<div class=\"elementor-element elementor-element-d6d56f9 e-con-full e-flex e-con e-child\" data-id=\"d6d56f9\" data-element_type=\"container\" data-e-type=\"container\" data-settings=\"{&quot;background_background&quot;:&quot;classic&quot;}\">\n\t\t\t\t<\/div>\n\t\t\t\t<\/div>\n\t\t<div class=\"elementor-element elementor-element-830c77c e-con-full e-flex e-con e-parent\" data-id=\"830c77c\" data-element_type=\"container\" data-e-type=\"container\">\n\t\t<div class=\"elementor-element elementor-element-4d90dbd e-con-full e-flex e-con e-child\" data-id=\"4d90dbd\" data-element_type=\"container\" data-e-type=\"container\" data-settings=\"{&quot;background_background&quot;:&quot;classic&quot;}\">\n\t\t\t\t<\/div>\n\t\t<div class=\"elementor-element elementor-element-ab4dc34 e-con-full e-flex e-con e-child\" data-id=\"ab4dc34\" data-element_type=\"container\" data-e-type=\"container\" data-settings=\"{&quot;background_background&quot;:&quot;classic&quot;}\">\n\t\t\t\t<div class=\"elementor-element elementor-element-0a483fc elementor-widget elementor-widget-heading\" data-id=\"0a483fc\" data-element_type=\"widget\" data-e-type=\"widget\" data-widget_type=\"heading.default\">\n\t\t\t\t<div class=\"elementor-widget-container\">\n\t\t\t\t\t<h2 class=\"elementor-heading-title elementor-size-default\">NEUE WERTE SCHAFFEN<br><b>TIEFBAU<\/b><\/h2>\t\t\t\t<\/div>\n\t\t\t\t<\/div>\n\t\t\t\t<div class=\"elementor-element elementor-element-03d87f4 elementor-widget elementor-widget-text-editor\" data-id=\"03d87f4\" data-element_type=\"widget\" data-e-type=\"widget\" data-widget_type=\"text-editor.default\">\n\t\t\t\t<div class=\"elementor-widget-container\">\n\t\t\t\t\t\t\t\t\t<p>Zus\u00e4tzlich zu den Stra\u00dfenbauarbeiten bietet die Firma ST Schmidt Tief- und Stra\u00dfenbau folgende Leistungen im Tiefbau an:<\/p><ul><li>Regen und Schmutzwasserleitung in offener Bauweise<\/li><li>Regen und Schmutzwasser Hausanschl\u00fcsse + \u00dcbergabeschacht<\/li><li>Oberfl\u00e4chenentw\u00e4sserung<\/li><li>Herstellung von Versorgungsgr\u00e4ben<\/li><li>Erdbewegungen<\/li><\/ul>\t\t\t\t\t\t\t\t<\/div>\n\t\t\t\t<\/div>\n\t\t\t\t<\/div>\n\t\t\t\t<\/div>\n\t\t<div class=\"elementor-element elementor-element-bb382ef e-con-full e-flex e-con e-parent\" data-id=\"bb382ef\" data-element_type=\"container\" data-e-type=\"container\">\n\t\t<div class=\"elementor-element elementor-element-d35d45b e-con-full e-flex e-con e-child\" data-id=\"d35d45b\" data-element_type=\"container\" data-e-type=\"container\" data-settings=\"{&quot;background_background&quot;:&quot;classic&quot;}\">\n\t\t\t\t<div class=\"elementor-element elementor-element-91e3dfe elementor-widget elementor-widget-heading\" data-id=\"91e3dfe\" data-element_type=\"widget\" data-e-type=\"widget\" data-widget_type=\"heading.default\">\n\t\t\t\t<div class=\"elementor-widget-container\">\n\t\t\t\t\t<h2 class=\"elementor-heading-title elementor-size-default\">GRENZEN \u00dcBERWINDEN<br><b>SHT-Logistik<\/b><\/h2>\t\t\t\t<\/div>\n\t\t\t\t<\/div>\n\t\t\t\t<div class=\"elementor-element elementor-element-67e38e4 elementor-widget elementor-widget-text-editor\" data-id=\"67e38e4\" data-element_type=\"widget\" data-e-type=\"widget\" data-widget_type=\"text-editor.default\">\n\t\t\t\t<div class=\"elementor-widget-container\">\n\t\t\t\t\t\t\t\t\t<p>Um unseren Kunden im Tief- und Stra\u00dfenbau einen noch gr\u00f6\u00dferen Service bieten zu k\u00f6nnen, gr\u00fcndete ich mit meinem Gesch\u00e4ftspartner Jan-Herbert Hintz im April 2019 das Unternehmen SHT-Logistik GmbH.<\/p><p>Wir bieten:<\/p><ul><li><strong>Sch\u00fcttg\u00fctertransport<\/strong><\/li><li><strong>St\u00fcckguttransport (Kranentladung)<\/strong><\/li><li><strong>Tieflader Transport<\/strong><\/li><\/ul><p>Mail:\u00a0<a href=\"mailto:sht-logistik@web.de\" target=\"_blank\" rel=\"noopener\">sht-logistik@web.de<\/a><br \/>Web:\u00a0<a href=\"http:\/\/sht-logistik.com\/\" target=\"_blank\" rel=\"noopener\" data-saferedirecturl=\"https:\/\/www.google.com\/url?q=http:\/\/sht-logistik.com&amp;source=gmail&amp;ust=1576165909374000&amp;usg=AFQjCNFhxJoefbOxQ3pd6ZYfAZY0smLrxg\">sht-logistik.com<\/a><\/p>\t\t\t\t\t\t\t\t<\/div>\n\t\t\t\t<\/div>\n\t\t\t\t<\/div>\n\t\t<div class=\"elementor-element elementor-element-e1a4122 e-con-full e-flex e-con e-child\" data-id=\"e1a4122\" data-element_type=\"container\" data-e-type=\"container\" data-settings=\"{&quot;background_background&quot;:&quot;classic&quot;}\">\n\t\t\t\t<\/div>\n\t\t\t\t<\/div>\n\t\t<div class=\"elementor-element elementor-element-5e25388 e-con-full e-flex e-con e-parent\" data-id=\"5e25388\" data-element_type=\"container\" data-e-type=\"container\">\n\t\t<div class=\"elementor-element elementor-element-d1a3aa6 e-con-full e-flex e-con e-child\" data-id=\"d1a3aa6\" data-element_type=\"container\" data-e-type=\"container\" data-settings=\"{&quot;background_background&quot;:&quot;classic&quot;}\">\n\t\t\t\t<div class=\"elementor-element elementor-element-a0b5675 elementor-widget elementor-widget-image\" data-id=\"a0b5675\" data-element_type=\"widget\" data-e-type=\"widget\" data-widget_type=\"image.default\">\n\t\t\t\t<div class=\"elementor-widget-container\">\n\t\t\t\t\t\t\t\t\t\t\t\t\t\t\t<img fetchpriority=\"high\" decoding=\"async\" width=\"600\" height=\"360\" src=\"https:\/\/schmidt-strassenbau.de\/wp-content\/uploads\/2025\/01\/guetesiegel.jpg\" class=\"attachment-full size-full wp-image-115\" alt=\"\" srcset=\"https:\/\/schmidt-strassenbau.de\/wp-content\/uploads\/2025\/01\/guetesiegel.jpg 600w, https:\/\/schmidt-strassenbau.de\/wp-content\/uploads\/2025\/01\/guetesiegel-300x180.jpg 300w\" sizes=\"(max-width: 600px) 100vw, 600px\" \/>\t\t\t\t\t\t\t\t\t\t\t\t\t\t\t<\/div>\n\t\t\t\t<\/div>\n\t\t\t\t<\/div>\n\t\t<div class=\"elementor-element elementor-element-a07f8b1 e-con-full e-flex e-con e-child\" data-id=\"a07f8b1\" data-element_type=\"container\" data-e-type=\"container\" data-settings=\"{&quot;background_background&quot;:&quot;classic&quot;}\">\n\t\t\t\t<div class=\"elementor-element elementor-element-c56a2b3 elementor-widget elementor-widget-heading\" data-id=\"c56a2b3\" data-element_type=\"widget\" data-e-type=\"widget\" data-widget_type=\"heading.default\">\n\t\t\t\t<div class=\"elementor-widget-container\">\n\t\t\t\t\t<h2 class=\"elementor-heading-title elementor-size-default\"><b>QUALIFIZIERTES TIEF- UND STRASSENBAUUNTERNEHMEN<\/b><br>AUSGEZEICHNETE QUALIT\u00c4T<\/h2>\t\t\t\t<\/div>\n\t\t\t\t<\/div>\n\t\t\t\t<div class=\"elementor-element elementor-element-097f8ad elementor-widget elementor-widget-text-editor\" data-id=\"097f8ad\" data-element_type=\"widget\" data-e-type=\"widget\" data-widget_type=\"text-editor.default\">\n\t\t\t\t<div class=\"elementor-widget-container\">\n\t\t\t\t\t\t\t\t\t<p>Wir sind seit Januar 2020 ein Pr\u00e4qualifiziertes Unternehmen und seit November 2020 Mitglied in der G\u00fcteschutzgemeinschaft.<\/p><p>Schmidt Tief- und Stra\u00dfenbau ist Ihr Premium-Partner im Kreis Segeberg und ganz Schleswig-Holstein!<\/p><p>\u00dcberzeugen Sie sich selbst:<\/p>\t\t\t\t\t\t\t\t<\/div>\n\t\t\t\t<\/div>\n\t\t\t\t<div class=\"elementor-element elementor-element-23ea0ac elementor-align-justify elementor-widget elementor-widget-button\" data-id=\"23ea0ac\" data-element_type=\"widget\" data-e-type=\"widget\" data-widget_type=\"button.default\">\n\t\t\t\t<div class=\"elementor-widget-container\">\n\t\t\t\t\t\t\t\t\t<div class=\"elementor-button-wrapper\">\n\t\t\t\t\t<a class=\"elementor-button elementor-button-link elementor-size-sm\" href=\"#\">\n\t\t\t\t\t\t<span class=\"elementor-button-content-wrapper\">\n\t\t\t\t\t\t\t\t\t<span class=\"elementor-button-text\">UNSERE REFERENZEN<\/span>\n\t\t\t\t\t<\/span>\n\t\t\t\t\t<\/a>\n\t\t\t\t<\/div>\n\t\t\t\t\t\t\t\t<\/div>\n\t\t\t\t<\/div>\n\t\t\t\t<\/div>\n\t\t\t\t<\/div>\n\t\t<div class=\"elementor-element elementor-element-0585f05 e-flex e-con-boxed e-con e-parent\" data-id=\"0585f05\" data-element_type=\"container\" data-e-type=\"container\">\n\t\t\t\t\t<div class=\"e-con-inner\">\n\t\t<div class=\"elementor-element elementor-element-37f77ca e-con-full e-flex e-con e-child\" data-id=\"37f77ca\" data-element_type=\"container\" data-e-type=\"container\">\n\t\t\t\t<div class=\"elementor-element elementor-element-2f0fd4f elementor-widget elementor-widget-heading\" data-id=\"2f0fd4f\" data-element_type=\"widget\" data-e-type=\"widget\" data-widget_type=\"heading.default\">\n\t\t\t\t<div class=\"elementor-widget-container\">\n\t\t\t\t\t<h2 class=\"elementor-heading-title elementor-size-default\">EIN AUSZUG  <br><b>UNSERER REFERENZEN<\/b><\/h2>\t\t\t\t<\/div>\n\t\t\t\t<\/div>\n\t\t\t\t<div class=\"elementor-element elementor-element-e09ed40 elementor-widget__width-inherit elementor-skin-carousel elementor-arrows-yes elementor-pagination-type-bullets elementor-pagination-position-outside elementor-widget elementor-widget-media-carousel\" data-id=\"e09ed40\" data-element_type=\"widget\" data-e-type=\"widget\" data-settings=\"{&quot;lazyload&quot;:&quot;yes&quot;,&quot;space_between&quot;:{&quot;unit&quot;:&quot;px&quot;,&quot;size&quot;:0,&quot;sizes&quot;:[]},&quot;skin&quot;:&quot;carousel&quot;,&quot;effect&quot;:&quot;slide&quot;,&quot;show_arrows&quot;:&quot;yes&quot;,&quot;pagination&quot;:&quot;bullets&quot;,&quot;speed&quot;:500,&quot;loop&quot;:&quot;yes&quot;,&quot;space_between_tablet&quot;:{&quot;unit&quot;:&quot;px&quot;,&quot;size&quot;:10,&quot;sizes&quot;:[]},&quot;space_between_mobile&quot;:{&quot;unit&quot;:&quot;px&quot;,&quot;size&quot;:10,&quot;sizes&quot;:[]}}\" data-widget_type=\"media-carousel.default\">\n\t\t\t\t<div class=\"elementor-widget-container\">\n\t\t\t\t\t\t\t\t\t<div class=\"elementor-swiper\">\n\t\t\t\t\t<div class=\"elementor-main-swiper swiper\" role=\"region\" aria-roledescription=\"carousel\" aria-label=\"Slider\">\n\t\t\t\t<div class=\"swiper-wrapper\">\n\t\t\t\t\t\t\t\t\t\t\t<div class=\"swiper-slide\" role=\"group\" aria-roledescription=\"slide\">\n\t\t\t\t\t\t\t\t\t<div class=\"elementor-carousel-image swiper-lazy\" role=\"img\" aria-label=\"IMG-20190321-WA0020\" data-background=\"https:\/\/schmidt-strassenbau.de\/wp-content\/uploads\/2025\/01\/IMG-20190321-WA0020.jpg\">\n\n\t\t\t\t\t\t\t<div class=\"swiper-lazy-preloader\"><\/div>\n\t\t\t\n\t\t\t\t\t<\/div>\n\t\t\t\t\t\t\t\t<\/div>\n\t\t\t\t\t\t\t\t\t\t\t<div class=\"swiper-slide\" role=\"group\" aria-roledescription=\"slide\">\n\t\t\t\t\t\t\t\t\t<div class=\"elementor-carousel-image swiper-lazy\" role=\"img\" aria-label=\"IMG-20190718-WA0017\" data-background=\"https:\/\/schmidt-strassenbau.de\/wp-content\/uploads\/2025\/01\/IMG-20190718-WA0017.jpeg\">\n\n\t\t\t\t\t\t\t<div class=\"swiper-lazy-preloader\"><\/div>\n\t\t\t\n\t\t\t\t\t<\/div>\n\t\t\t\t\t\t\t\t<\/div>\n\t\t\t\t\t\t\t\t\t\t\t<div class=\"swiper-slide\" role=\"group\" aria-roledescription=\"slide\">\n\t\t\t\t\t\t\t\t\t<div class=\"elementor-carousel-image swiper-lazy\" role=\"img\" aria-label=\"IMG-20190829-WA0036\" data-background=\"https:\/\/schmidt-strassenbau.de\/wp-content\/uploads\/2025\/01\/IMG-20190829-WA0036.jpg\">\n\n\t\t\t\t\t\t\t<div class=\"swiper-lazy-preloader\"><\/div>\n\t\t\t\n\t\t\t\t\t<\/div>\n\t\t\t\t\t\t\t\t<\/div>\n\t\t\t\t\t\t\t\t\t\t\t<div class=\"swiper-slide\" role=\"group\" aria-roledescription=\"slide\">\n\t\t\t\t\t\t\t\t\t<div class=\"elementor-carousel-image swiper-lazy\" role=\"img\" aria-label=\"tiefbau.min\" data-background=\"https:\/\/schmidt-strassenbau.de\/wp-content\/uploads\/2025\/01\/tiefbau.min_.jpg\">\n\n\t\t\t\t\t\t\t<div class=\"swiper-lazy-preloader\"><\/div>\n\t\t\t\n\t\t\t\t\t<\/div>\n\t\t\t\t\t\t\t\t<\/div>\n\t\t\t\t\t\t\t\t\t\t\t<div class=\"swiper-slide\" role=\"group\" aria-roledescription=\"slide\">\n\t\t\t\t\t\t\t\t\t<div class=\"elementor-carousel-image swiper-lazy\" role=\"img\" aria-label=\"IMG-20191215-WA0007\" data-background=\"https:\/\/schmidt-strassenbau.de\/wp-content\/uploads\/2025\/01\/IMG-20191215-WA0007.jpg\">\n\n\t\t\t\t\t\t\t<div class=\"swiper-lazy-preloader\"><\/div>\n\t\t\t\n\t\t\t\t\t<\/div>\n\t\t\t\t\t\t\t\t<\/div>\n\t\t\t\t\t\t\t\t\t\t\t<div class=\"swiper-slide\" role=\"group\" aria-roledescription=\"slide\">\n\t\t\t\t\t\t\t\t\t<div class=\"elementor-carousel-image swiper-lazy\" role=\"img\" aria-label=\"IMG-20191215-WA0022\" data-background=\"https:\/\/schmidt-strassenbau.de\/wp-content\/uploads\/2025\/01\/IMG-20191215-WA0022.jpg\">\n\n\t\t\t\t\t\t\t<div class=\"swiper-lazy-preloader\"><\/div>\n\t\t\t\n\t\t\t\t\t<\/div>\n\t\t\t\t\t\t\t\t<\/div>\n\t\t\t\t\t\t\t\t\t<\/div>\n\t\t\t\t\t\t\t\t\t\t\t\t\t\t\t<div class=\"elementor-swiper-button elementor-swiper-button-prev\" role=\"button\" tabindex=\"0\" aria-label=\"Voriger\">\n\t\t\t\t\t\t\t<svg aria-hidden=\"true\" class=\"e-font-icon-svg e-eicon-chevron-left\" viewBox=\"0 0 1000 1000\" xmlns=\"http:\/\/www.w3.org\/2000\/svg\"><path d=\"M646 125C629 125 613 133 604 142L308 442C296 454 292 471 292 487 292 504 296 521 308 533L604 854C617 867 629 875 646 875 663 875 679 871 692 858 704 846 713 829 713 812 713 796 708 779 692 767L438 487 692 225C700 217 708 204 708 187 708 171 704 154 692 142 675 129 663 125 646 125Z\"><\/path><\/svg>\t\t\t\t\t\t<\/div>\n\t\t\t\t\t\t<div class=\"elementor-swiper-button elementor-swiper-button-next\" role=\"button\" tabindex=\"0\" aria-label=\"N\u00e4chster\">\n\t\t\t\t\t\t\t<svg aria-hidden=\"true\" class=\"e-font-icon-svg e-eicon-chevron-right\" viewBox=\"0 0 1000 1000\" xmlns=\"http:\/\/www.w3.org\/2000\/svg\"><path d=\"M696 533C708 521 713 504 713 487 713 471 708 454 696 446L400 146C388 133 375 125 354 125 338 125 325 129 313 142 300 154 292 171 292 187 292 204 296 221 308 233L563 492 304 771C292 783 288 800 288 817 288 833 296 850 308 863 321 871 338 875 354 875 371 875 388 867 400 854L696 533Z\"><\/path><\/svg>\t\t\t\t\t\t<\/div>\n\t\t\t\t\t\t\t\t\t\t\t\t\t\t\t\t<div class=\"swiper-pagination\"><\/div>\n\t\t\t\t\t\t\t\t\t\t\t\t<\/div>\n\t\t\t\t<\/div>\n\t\t\t\t\t\t\t\t<\/div>\n\t\t\t\t<\/div>\n\t\t\t\t<\/div>\n\t\t\t\t\t<\/div>\n\t\t\t\t<\/div>\n\t\t\t\t<\/div>\n\t\t","protected":false},"excerpt":{"rendered":"<p>SCHMIDT TIEF- UND STRASSENBAU ERFOLG HAT SIEBEN BUCHSTABEN: SCHMIDT DAS SIND WIR\u00dcBER UNS Moin, mein Name ist Eike Oliver Schmidt und ich darf Sie herzlich willkommen hei\u00dfen. Suchen Sie ein junges, dynamisches Unternehmen f\u00fcr Ihr Bauvorhaben? Dann sind Sie hier genau richtig. Wir f\u00fchren Erschlie\u00dfungen, Erdarbeiten, Schmutz- und Regenwasserentw\u00e4sserung, Pflasterarbeiten und vieles mehr durch. Wir [&hellip;]<\/p>\n","protected":false},"author":1,"featured_media":0,"parent":0,"menu_order":0,"comment_status":"closed","ping_status":"closed","template":"elementor_header_footer","meta":{"footnotes":""},"class_list":["post-34","page","type-page","status-publish","hentry"],"_links":{"self":[{"href":"https:\/\/schmidt-strassenbau.de\/index.php?rest_route=\/wp\/v2\/pages\/34","targetHints":{"allow":["GET"]}}],"collection":[{"href":"https:\/\/schmidt-strassenbau.de\/index.php?rest_route=\/wp\/v2\/pages"}],"about":[{"href":"https:\/\/schmidt-strassenbau.de\/index.php?rest_route=\/wp\/v2\/types\/page"}],"author":[{"embeddable":true,"href":"https:\/\/schmidt-strassenbau.de\/index.php?rest_route=\/wp\/v2\/users\/1"}],"replies":[{"embeddable":true,"href":"https:\/\/schmidt-strassenbau.de\/index.php?rest_route=%2Fwp%2Fv2%2Fcomments&post=34"}],"version-history":[{"count":77,"href":"https:\/\/schmidt-strassenbau.de\/index.php?rest_route=\/wp\/v2\/pages\/34\/revisions"}],"predecessor-version":[{"id":390,"href":"https:\/\/schmidt-strassenbau.de\/index.php?rest_route=\/wp\/v2\/pages\/34\/revisions\/390"}],"wp:attachment":[{"href":"https:\/\/schmidt-strassenbau.de\/index.php?rest_route=%2Fwp%2Fv2%2Fmedia&parent=34"}],"curies":[{"name":"wp","href":"https:\/\/api.w.org\/{rel}","templated":true}]}}